{"id":19,"date":"2015-09-09T11:46:37","date_gmt":"2015-09-09T09:46:37","guid":{"rendered":"http:\/\/www.elinborg.com\/WP\/?page_id=19"},"modified":"2025-04-03T19:58:54","modified_gmt":"2025-04-03T17:58:54","slug":"about","status":"publish","type":"page","link":"https:\/\/www.elinborg.com\/WP\/about\/","title":{"rendered":"ABOUT"},"content":{"rendered":"\t\t<div data-elementor-type=\"wp-page\" data-elementor-id=\"19\" class=\"elementor elementor-19\">\n\t\t\t\t<div class=\"elementor-element elementor-element-a432b75 e-flex e-con-boxed e-con e-parent\" data-id=\"a432b75\" data-element_type=\"container\">\n\t\t\t\t\t<div class=\"e-con-inner\">\n\t\t<div class=\"elementor-element elementor-element-958dc37 e-con-full e-flex e-con e-child\" data-id=\"958dc37\" data-element_type=\"container\">\n\t\t\t\t<\/div>\n\t\t<div class=\"elementor-element elementor-element-44ceb2e e-con-full e-flex e-con e-child\" data-id=\"44ceb2e\" data-element_type=\"container\">\n\t\t\t\t<div class=\"elementor-element elementor-element-d7c695f elementor-widget elementor-widget-text-editor\" data-id=\"d7c695f\" data-element_type=\"widget\" data-widget_type=\"text-editor.default\">\n\t\t\t\t<div class=\"elementor-widget-container\">\n\t\t\t\t\t\t\t\t\t<h5><b>El\u00ednborg J\u00f3hannesd\u00f3ttir Ostermann<\/b><\/h5>\n<p>1954 born in Reykjav\u00edk, Iceland<\/p>\n<p>Atelier in Mauerbach, Austria<\/p>\n<p>1984 PhD degree in Biochemistry<\/p>\n<p>Art education:<\/p>\n<p>Europ\u00e4ische Akademie f\u00fcr Bildende K\u00fcnste, Trier, Germany. (Doz. Mathias Kroth)<\/p>\n<p>Masterclasses in figurativ and abstract painting, Kunstfabrik Wien, Austria (2018 \u2013 2022)<\/p>\n<p>Workshops with internationally reknown artists<\/p>\n<p>Tranforming what I see, expressing my mood, my love of nature, following my curiosity and joy of experimenting, going with the flow of fantasy. Capturing my travel memories in paintings in particular from my original home country Iceland. All this drives me to paint.<br><span style=\"font-family: var( --e-global-typography-text-font-family ), Sans-serif; font-weight: var( --e-global-typography-text-font-weight ); text-align: var(--text-align);\">Growing up in Iceland and having wonderful art teachers as mentors has had a life long influence on my passion to paint.<br><\/span><span style=\"font-family: var( --e-global-typography-text-font-family ), Sans-serif; font-weight: var( --e-global-typography-text-font-weight ); text-align: var(--text-align);\">But we all depart on different journeys and mine led me first to university studies, a master and PhD in biochemistry and a very fulfilling career in research. Later painting became more and more a focus in my life and was intensified in master classes both in Vienna, Austria and in Trier, Germany<br><\/span><span style=\"font-family: var( --e-global-typography-text-font-family ), Sans-serif; font-weight: var( --e-global-typography-text-font-weight ); text-align: var(--text-align);\">The common denominator between science and my art is that I love to experiment, different media, themes, paper, canvas sizes etc.&nbsp; I love the challenge to tacle new methods and motives. A constant inspiration comes from the bizarre and beautiful nature and landscape in Iceland.<\/span><\/p>\t\t\t\t\t\t\t\t<\/div>\n\t\t\t\t<\/div>\n\t\t\t\t<\/div>\n\t\t<div class=\"elementor-element elementor-element-7bd26f5 e-con-full e-flex e-con e-child\" data-id=\"7bd26f5\" data-element_type=\"container\">\n\t\t\t\t<div class=\"elementor-element elementor-element-ce66da9 elementor-widget elementor-widget-image\" data-id=\"ce66da9\" data-element_type=\"widget\" data-widget_type=\"image.default\">\n\t\t\t\t<div class=\"elementor-widget-container\">\n\t\t\t\t\t\t\t\t\t\t\t\t\t\t\t<img decoding=\"async\" width=\"179\" height=\"246\" src=\"https:\/\/www.elinborg.com\/WP\/wp-content\/uploads\/2015\/09\/Elinborg-SW-klein.png\" class=\"attachment-large size-large wp-image-152\" alt=\"Elinborg-SW klein\" \/>\t\t\t\t\t\t\t\t\t\t\t\t\t\t\t<\/div>\n\t\t\t\t<\/div>\n\t\t\t\t<\/div>\n\t\t\t\t\t<\/div>\n\t\t\t\t<\/div>\n\t\t\t\t<\/div>\n\t\t","protected":false},"excerpt":{"rendered":"<p>El\u00ednborg J\u00f3hannesd\u00f3ttir Ostermann 1954 born in Reykjav\u00edk, Iceland Atelier in Mauerbach, Austria 1984 PhD degree in Biochemistry Art education: Europ\u00e4ische Akademie f\u00fcr Bildende K\u00fcnste, Trier, Germany. (Doz. Mathias Kroth) Masterclasses in figurativ and abstract painting, Kunstfabrik Wien, Austria (2018 \u2013 2022) Workshops with internationally reknown artists Tranforming what I see, expressing my mood, my love [&hellip;]<\/p>\n","protected":false},"author":1,"featured_media":0,"parent":0,"menu_order":0,"comment_status":"closed","ping_status":"closed","template":"","meta":{"footnotes":""},"class_list":["post-19","page","type-page","status-publish","hentry"],"_links":{"self":[{"href":"https:\/\/www.elinborg.com\/WP\/wp-json\/wp\/v2\/pages\/19","targetHints":{"allow":["GET"]}}],"collection":[{"href":"https:\/\/www.elinborg.com\/WP\/wp-json\/wp\/v2\/pages"}],"about":[{"href":"https:\/\/www.elinborg.com\/WP\/wp-json\/wp\/v2\/types\/page"}],"author":[{"embeddable":true,"href":"https:\/\/www.elinborg.com\/WP\/wp-json\/wp\/v2\/users\/1"}],"replies":[{"embeddable":true,"href":"https:\/\/www.elinborg.com\/WP\/wp-json\/wp\/v2\/comments?post=19"}],"version-history":[{"count":25,"href":"https:\/\/www.elinborg.com\/WP\/wp-json\/wp\/v2\/pages\/19\/revisions"}],"predecessor-version":[{"id":1004,"href":"https:\/\/www.elinborg.com\/WP\/wp-json\/wp\/v2\/pages\/19\/revisions\/1004"}],"wp:attachment":[{"href":"https:\/\/www.elinborg.com\/WP\/wp-json\/wp\/v2\/media?parent=19"}],"curies":[{"name":"wp","href":"https:\/\/api.w.org\/{rel}","templated":true}]}}