{"id":317,"date":"2025-02-12T21:13:32","date_gmt":"2025-02-12T20:13:32","guid":{"rendered":"http:\/\/www.elinborg.com\/?page_id=317"},"modified":"2025-07-10T10:55:35","modified_gmt":"2025-07-10T08:55:35","slug":"home-2","status":"publish","type":"page","link":"https:\/\/www.elinborg.com\/WP\/","title":{"rendered":""},"content":{"rendered":"\t\t<div data-elementor-type=\"wp-page\" data-elementor-id=\"317\" class=\"elementor elementor-317\">\n\t\t\t\t<div class=\"elementor-element elementor-element-5c67124 e-flex e-con-boxed e-con e-parent\" data-id=\"5c67124\" data-element_type=\"container\">\n\t\t\t\t\t<div class=\"e-con-inner\">\n\t\t<div class=\"elementor-element elementor-element-d75e752 e-con-full e-flex e-con e-child\" data-id=\"d75e752\" data-element_type=\"container\">\n\t\t\t\t<\/div>\n\t\t<div class=\"elementor-element elementor-element-8438861 e-con-full e-flex e-con e-child\" data-id=\"8438861\" data-element_type=\"container\">\n\t\t\t\t<div class=\"elementor-element elementor-element-3712c0b elementor-widget elementor-widget-heading\" data-id=\"3712c0b\" data-element_type=\"widget\" data-widget_type=\"heading.default\">\n\t\t\t\t<div class=\"elementor-widget-container\">\n\t\t\t\t\t<h1 class=\"elementor-heading-title elementor-size-default\"><span style=\"font-size: 16pt\">El<b>\u00ednborg<\/b><\/span><b><span style=\"font-size: 16pt\"> <\/span><span style=\"font-size: 16pt\">J\u00f3hannesd\u00f3ttir<\/span><\/b><span style=\"font-size: 16pt\"><b>\nOstermann<\/b> <\/span><span style=\"font-size: 10pt\"><br>\n<\/span><\/h1>\t\t\t\t<\/div>\n\t\t\t\t<\/div>\n\t\t\t\t<\/div>\n\t\t<div class=\"elementor-element elementor-element-148d848 e-con-full e-flex e-con e-child\" data-id=\"148d848\" data-element_type=\"container\">\n\t\t\t\t<\/div>\n\t\t\t\t\t<\/div>\n\t\t\t\t<\/div>\n\t\t<div class=\"elementor-element elementor-element-11852b1 e-flex e-con-boxed e-con e-parent\" data-id=\"11852b1\" data-element_type=\"container\">\n\t\t\t\t\t<div class=\"e-con-inner\">\n\t\t<div class=\"elementor-element elementor-element-b0bb0a9 e-con-full e-flex e-con e-child\" data-id=\"b0bb0a9\" data-element_type=\"container\">\n\t\t\t\t<\/div>\n\t\t<div class=\"elementor-element elementor-element-5b5b4ff e-con-full e-flex e-con e-child\" data-id=\"5b5b4ff\" data-element_type=\"container\">\n\t\t\t\t<div class=\"elementor-element elementor-element-9a2f8e5 elementor-widget__width-initial animated-slow elementor-widget elementor-widget-image\" data-id=\"9a2f8e5\" data-element_type=\"widget\" data-settings=\"{&quot;_animation&quot;:&quot;none&quot;,&quot;_animation_delay&quot;:500}\" data-widget_type=\"image.default\">\n\t\t\t\t<div class=\"elementor-widget-container\">\n\t\t\t\t\t\t\t\t\t\t\t\t<figure class=\"wp-caption\">\n\t\t\t\t\t\t\t\t\t\t<img fetchpriority=\"high\" decoding=\"async\" width=\"572\" height=\"256\" src=\"https:\/\/www.elinborg.com\/WP\/wp-content\/uploads\/2025\/02\/Bild-Elin-1.png\" class=\"attachment-large size-large wp-image-355\" alt=\"Bild Elin 1\" srcset=\"https:\/\/www.elinborg.com\/WP\/wp-content\/uploads\/2025\/02\/Bild-Elin-1.png 572w, https:\/\/www.elinborg.com\/WP\/wp-content\/uploads\/2025\/02\/Bild-Elin-1-300x134.png 300w\" sizes=\"(max-width: 572px) 100vw, 572px\" \/>\t\t\t\t\t\t\t\t\t\t\t<figcaption class=\"widget-image-caption wp-caption-text\">\u201eFantasy is way more important than knowledge because knowledge is limited\u201c\nAlbert Einstein<\/figcaption>\n\t\t\t\t\t\t\t\t\t\t<\/figure>\n\t\t\t\t\t\t\t\t\t<\/div>\n\t\t\t\t<\/div>\n\t\t\t\t<\/div>\n\t\t<div class=\"elementor-element elementor-element-e6ea221 e-con-full e-flex e-con e-child\" data-id=\"e6ea221\" data-element_type=\"container\">\n\t\t\t\t<div class=\"elementor-element elementor-element-2d2a3a2 elementor-widget__width-initial elementor-widget elementor-widget-image\" data-id=\"2d2a3a2\" data-element_type=\"widget\" data-widget_type=\"image.default\">\n\t\t\t\t<div class=\"elementor-widget-container\">\n\t\t\t\t\t\t\t\t\t\t\t\t\t\t\t\t<a href=\"https:\/\/www.elinborg.com\/WP\/news\/\">\n\t\t\t\t\t\t\t<img decoding=\"async\" width=\"500\" height=\"350\" src=\"https:\/\/www.elinborg.com\/WP\/wp-content\/uploads\/2025\/02\/Elinborg-Bild-2-News.png\" class=\"attachment-large size-large wp-image-377\" alt=\"Elinborg Bild 2 News\" srcset=\"https:\/\/www.elinborg.com\/WP\/wp-content\/uploads\/2025\/02\/Elinborg-Bild-2-News.png 500w, https:\/\/www.elinborg.com\/WP\/wp-content\/uploads\/2025\/02\/Elinborg-Bild-2-News-300x210.png 300w\" sizes=\"(max-width: 500px) 100vw, 500px\" \/>\t\t\t\t\t\t\t\t<\/a>\n\t\t\t\t\t\t\t\t\t\t\t\t\t\t\t<\/div>\n\t\t\t\t<\/div>\n\t\t\t\t<div class=\"elementor-element elementor-element-207d9d6 elementor-widget elementor-widget-heading\" data-id=\"207d9d6\" data-element_type=\"widget\" data-widget_type=\"heading.default\">\n\t\t\t\t<div class=\"elementor-widget-container\">\n\t\t\t\t\t<h2 class=\"elementor-heading-title elementor-size-default\"><a href=\"https:\/\/www.elinborg.com\/WP\/news\/\">News<\/a><\/h2>\t\t\t\t<\/div>\n\t\t\t\t<\/div>\n\t\t\t\t<\/div>\n\t\t\t\t\t<\/div>\n\t\t\t\t<\/div>\n\t\t<div class=\"elementor-element elementor-element-f7676c3 e-con-full e-flex e-con e-parent\" data-id=\"f7676c3\" data-element_type=\"container\">\n\t\t<div class=\"elementor-element elementor-element-22c9639 e-con-full e-flex e-con e-child\" data-id=\"22c9639\" data-element_type=\"container\">\n\t\t\t\t<\/div>\n\t\t<div class=\"elementor-element elementor-element-ed618e2 e-con-full e-flex e-con e-child\" data-id=\"ed618e2\" data-element_type=\"container\">\n\t\t\t\t<div class=\"elementor-element elementor-element-f6c6e75 elementor-widget__width-initial elementor-widget elementor-widget-text-editor\" data-id=\"f6c6e75\" data-element_type=\"widget\" data-widget_type=\"text-editor.default\">\n\t\t\t\t<div class=\"elementor-widget-container\">\n\t\t\t\t\t\t\t\t\t<h6>Welcome to my online gallery<br \/>Permanent showroom: art.passage.spittelberg, Spittelberg Passage\/Gutenberggasse 15, 1070 Vienna, Austria<br \/>Atelier: Mauerbach, Austria<\/h6>\t\t\t\t\t\t\t\t<\/div>\n\t\t\t\t<\/div>\n\t\t\t\t<\/div>\n\t\t<div class=\"elementor-element elementor-element-f8b2a43 e-con-full e-flex e-con e-child\" data-id=\"f8b2a43\" data-element_type=\"container\">\n\t\t\t\t<\/div>\n\t\t\t\t<\/div>\n\t\t<div class=\"elementor-element elementor-element-effca24 e-con-full e-flex e-con e-parent\" data-id=\"effca24\" data-element_type=\"container\">\n\t\t\t\t<div class=\"elementor-element elementor-element-e714304 elementor-widget elementor-widget-heading\" data-id=\"e714304\" data-element_type=\"widget\" data-widget_type=\"heading.default\">\n\t\t\t\t<div class=\"elementor-widget-container\">\n\t\t\t\t\t<h1 class=\"elementor-heading-title elementor-size-default\">Works of art<\/h1>\t\t\t\t<\/div>\n\t\t\t\t<\/div>\n\t\t\t\t<\/div>\n\t\t<div class=\"elementor-element elementor-element-9bc84a7 e-flex e-con-boxed e-con e-parent\" data-id=\"9bc84a7\" data-element_type=\"container\">\n\t\t\t\t\t<div class=\"e-con-inner\">\n\t\t<div class=\"elementor-element elementor-element-c83c2be e-con-full e-flex e-con e-child\" data-id=\"c83c2be\" data-element_type=\"container\">\n\t\t\t\t<\/div>\n\t\t<div class=\"elementor-element elementor-element-bed1dbd e-con-full e-flex e-con e-child\" data-id=\"bed1dbd\" data-element_type=\"container\">\n\t\t\t\t<div class=\"elementor-element elementor-element-0c1e6a7 elementor-widget elementor-widget-image\" data-id=\"0c1e6a7\" data-element_type=\"widget\" data-widget_type=\"image.default\">\n\t\t\t\t<div class=\"elementor-widget-container\">\n\t\t\t\t\t\t\t\t\t\t\t\t\t\t\t\t<a href=\"https:\/\/www.elinborg.com\/WP\/figurative\/\">\n\t\t\t\t\t\t\t<img decoding=\"async\" src=\"https:\/\/www.elinborg.com\/WP\/wp-content\/uploads\/elementor\/thumbs\/IMG_8311-scaled-r2d00u5v200qsbzorm0fvi42x0hgl71gqhk8t6vmgg.jpg\" title=\"IMG_8311\" alt=\"Bild\" loading=\"lazy\" \/>\t\t\t\t\t\t\t\t<\/a>\n\t\t\t\t\t\t\t\t\t\t\t\t\t\t\t<\/div>\n\t\t\t\t<\/div>\n\t\t\t\t<div class=\"elementor-element elementor-element-4b7f610 elementor-widget elementor-widget-heading\" data-id=\"4b7f610\" data-element_type=\"widget\" data-widget_type=\"heading.default\">\n\t\t\t\t<div class=\"elementor-widget-container\">\n\t\t\t\t\t<h4 class=\"elementor-heading-title elementor-size-default\"><a href=\"https:\/\/www.elinborg.com\/WP\/figurative\/\">Figurative<\/a><\/h4>\t\t\t\t<\/div>\n\t\t\t\t<\/div>\n\t\t\t\t<\/div>\n\t\t<div class=\"elementor-element elementor-element-d1d7534 e-con-full e-flex e-con e-child\" data-id=\"d1d7534\" data-element_type=\"container\">\n\t\t\t\t<div class=\"elementor-element elementor-element-953ffd9 elementor-widget elementor-widget-image\" data-id=\"953ffd9\" data-element_type=\"widget\" data-widget_type=\"image.default\">\n\t\t\t\t<div class=\"elementor-widget-container\">\n\t\t\t\t\t\t\t\t\t\t\t\t\t\t\t\t<a href=\"https:\/\/www.elinborg.com\/WP\/watercolor\/\">\n\t\t\t\t\t\t\t<img decoding=\"async\" src=\"https:\/\/www.elinborg.com\/WP\/wp-content\/uploads\/elementor\/thumbs\/IMG_8115-scaled-r2d00oitwzt0uo7vojkogjjbcp99b0f2ppnbxj3zhs.jpeg\" title=\"Bild\" alt=\"Bild\" loading=\"lazy\" \/>\t\t\t\t\t\t\t\t<\/a>\n\t\t\t\t\t\t\t\t\t\t\t\t\t\t\t<\/div>\n\t\t\t\t<\/div>\n\t\t\t\t<div class=\"elementor-element elementor-element-c396829 elementor-widget elementor-widget-heading\" data-id=\"c396829\" data-element_type=\"widget\" data-widget_type=\"heading.default\">\n\t\t\t\t<div class=\"elementor-widget-container\">\n\t\t\t\t\t<h4 class=\"elementor-heading-title elementor-size-default\"><a href=\"https:\/\/www.elinborg.com\/WP\/watercolor\/\">Watercolors<\/a><\/h4>\t\t\t\t<\/div>\n\t\t\t\t<\/div>\n\t\t\t\t<\/div>\n\t\t<div class=\"elementor-element elementor-element-783bd62 e-con-full e-flex e-con e-child\" data-id=\"783bd62\" data-element_type=\"container\">\n\t\t\t\t<div class=\"elementor-element elementor-element-f592787 elementor-widget elementor-widget-image\" data-id=\"f592787\" data-element_type=\"widget\" data-widget_type=\"image.default\">\n\t\t\t\t<div class=\"elementor-widget-container\">\n\t\t\t\t\t\t\t\t\t\t\t\t\t\t\t\t<a href=\"https:\/\/www.elinborg.com\/WP\/acrylix-mixed-media\/\">\n\t\t\t\t\t\t\t<img decoding=\"async\" src=\"https:\/\/www.elinborg.com\/WP\/wp-content\/uploads\/elementor\/thumbs\/IMG_0115-scaled-r2d00af92h9q0iscyvh9x53efx6r3jv3nrv1qdow34.jpeg\" title=\"Bild\" alt=\"Bild\" loading=\"lazy\" \/>\t\t\t\t\t\t\t\t<\/a>\n\t\t\t\t\t\t\t\t\t\t\t\t\t\t\t<\/div>\n\t\t\t\t<\/div>\n\t\t\t\t<div class=\"elementor-element elementor-element-c91e313 elementor-widget elementor-widget-heading\" data-id=\"c91e313\" data-element_type=\"widget\" data-widget_type=\"heading.default\">\n\t\t\t\t<div class=\"elementor-widget-container\">\n\t\t\t\t\t<h2 class=\"elementor-heading-title elementor-size-default\"><a href=\"https:\/\/www.elinborg.com\/WP\/acrylix-mixed-media\/\"><h5>Acrylics\/mixed media<\/h5><\/a><\/h2>\t\t\t\t<\/div>\n\t\t\t\t<\/div>\n\t\t\t\t<\/div>\n\t\t<div class=\"elementor-element elementor-element-fd60644 e-con-full e-flex e-con e-child\" data-id=\"fd60644\" data-element_type=\"container\">\n\t\t\t\t<div class=\"elementor-element elementor-element-8d82db1 elementor-widget__width-initial elementor-widget elementor-widget-image\" data-id=\"8d82db1\" data-element_type=\"widget\" data-widget_type=\"image.default\">\n\t\t\t\t<div class=\"elementor-widget-container\">\n\t\t\t\t\t\t\t\t\t\t\t\t\t\t\t\t<a href=\"https:\/\/www.elinborg.com\/WP\/archive\/\">\n\t\t\t\t\t\t\t<img decoding=\"async\" src=\"https:\/\/www.elinborg.com\/WP\/wp-content\/uploads\/elementor\/thumbs\/IMG_4601-scaled-r2d00hxyl5k0lehfqyqah373705ot4oyct2xkldqpc.jpeg\" title=\"Bild\" alt=\"Bild\" loading=\"lazy\" \/>\t\t\t\t\t\t\t\t<\/a>\n\t\t\t\t\t\t\t\t\t\t\t\t\t\t\t<\/div>\n\t\t\t\t<\/div>\n\t\t\t\t<div class=\"elementor-element elementor-element-2e2afe0 elementor-widget elementor-widget-heading\" data-id=\"2e2afe0\" data-element_type=\"widget\" data-widget_type=\"heading.default\">\n\t\t\t\t<div class=\"elementor-widget-container\">\n\t\t\t\t\t<h2 class=\"elementor-heading-title elementor-size-default\"><a href=\"https:\/\/www.elinborg.com\/WP\/archive\/\"><h5>Archive<\/h5><\/a><\/h2>\t\t\t\t<\/div>\n\t\t\t\t<\/div>\n\t\t\t\t<\/div>\n\t\t\t\t\t<\/div>\n\t\t\t\t<\/div>\n\t\t<div class=\"elementor-element elementor-element-a910093 e-flex e-con-boxed e-con e-parent\" data-id=\"a910093\" data-element_type=\"container\">\n\t\t\t\t\t<div class=\"e-con-inner\">\n\t\t<div class=\"elementor-element elementor-element-59be202 e-con-full e-flex e-con e-child\" data-id=\"59be202\" data-element_type=\"container\">\n\t\t\t\t<\/div>\n\t\t<div class=\"elementor-element elementor-element-254adba e-con-full e-flex e-con e-child\" data-id=\"254adba\" data-element_type=\"container\">\n\t\t\t\t<\/div>\n\t\t\t\t\t<\/div>\n\t\t\t\t<\/div>\n\t\t<div class=\"elementor-element elementor-element-543e172 e-flex e-con-boxed e-con e-parent\" data-id=\"543e172\" data-element_type=\"container\">\n\t\t\t\t\t<div class=\"e-con-inner\">\n\t\t\t\t\t<\/div>\n\t\t\t\t<\/div>\n\t\t\t\t<\/div>\n\t\t","protected":false},"excerpt":{"rendered":"<p>El\u00ednborg J\u00f3hannesd\u00f3ttir Ostermann \u201eFantasy is way more important than knowledge because knowledge is limited\u201c Albert Einstein News Welcome to my online galleryPermanent showroom: art.passage.spittelberg, Spittelberg Passage\/Gutenberggasse 15, 1070 Vienna, AustriaAtelier: Mauerbach, Austria Works of art Figurative Watercolors Acrylics\/mixed media Archive<\/p>\n","protected":false},"author":3,"featured_media":0,"parent":0,"menu_order":0,"comment_status":"closed","ping_status":"closed","template":"","meta":{"footnotes":""},"class_list":["post-317","page","type-page","status-publish","hentry"],"_links":{"self":[{"href":"https:\/\/www.elinborg.com\/WP\/wp-json\/wp\/v2\/pages\/317","targetHints":{"allow":["GET"]}}],"collection":[{"href":"https:\/\/www.elinborg.com\/WP\/wp-json\/wp\/v2\/pages"}],"about":[{"href":"https:\/\/www.elinborg.com\/WP\/wp-json\/wp\/v2\/types\/page"}],"author":[{"embeddable":true,"href":"https:\/\/www.elinborg.com\/WP\/wp-json\/wp\/v2\/users\/3"}],"replies":[{"embeddable":true,"href":"https:\/\/www.elinborg.com\/WP\/wp-json\/wp\/v2\/comments?post=317"}],"version-history":[{"count":216,"href":"https:\/\/www.elinborg.com\/WP\/wp-json\/wp\/v2\/pages\/317\/revisions"}],"predecessor-version":[{"id":1002,"href":"https:\/\/www.elinborg.com\/WP\/wp-json\/wp\/v2\/pages\/317\/revisions\/1002"}],"wp:attachment":[{"href":"https:\/\/www.elinborg.com\/WP\/wp-json\/wp\/v2\/media?parent=317"}],"curies":[{"name":"wp","href":"https:\/\/api.w.org\/{rel}","templated":true}]}}