{"id":859,"date":"2025-03-11T19:29:01","date_gmt":"2025-03-11T18:29:01","guid":{"rendered":"https:\/\/www.elinborg.com\/WP\/?page_id=859"},"modified":"2025-03-11T19:36:49","modified_gmt":"2025-03-11T18:36:49","slug":"datenschutz","status":"publish","type":"page","link":"https:\/\/www.elinborg.com\/WP\/datenschutz\/","title":{"rendered":"Datenschutz"},"content":{"rendered":"\t\t<div data-elementor-type=\"wp-page\" data-elementor-id=\"859\" class=\"elementor elementor-859\">\n\t\t\t\t<div class=\"elementor-element elementor-element-88160c2 e-flex e-con-boxed e-con e-parent\" data-id=\"88160c2\" data-element_type=\"container\">\n\t\t\t\t\t<div class=\"e-con-inner\">\n\t\t<div class=\"elementor-element elementor-element-456c008 e-con-full e-flex e-con e-child\" data-id=\"456c008\" data-element_type=\"container\">\n\t\t\t\t<\/div>\n\t\t<div class=\"elementor-element elementor-element-dcc97c2 e-con-full e-flex e-con e-child\" data-id=\"dcc97c2\" data-element_type=\"container\">\n\t\t\t\t<div class=\"elementor-element elementor-element-39e073e elementor-widget elementor-widget-text-editor\" data-id=\"39e073e\" data-element_type=\"widget\" data-widget_type=\"text-editor.default\">\n\t\t\t\t<div class=\"elementor-widget-container\">\n\t\t\t\t\t\t\t\t\t<p><strong>Grundlegendes<\/strong><\/p><p>Diese Datenschutzerkl\u00e4rung soll die Nutzer dieser Website \u00fcber die Art, den Umfang und den Zweck der Erhebung und Verwendung personenbezogener Daten durch den Websitebetreiber informieren. Der Websitebetreiber nimmt Ihren Datenschutz sehr ernst und behandelt Ihre personenbezogenen Daten vertraulich und entsprechend der gesetzlichen Vorschriften. Da durch neue Technologien und die st\u00e4ndige Weiterentwicklung dieser Webseite \u00c4nderungen an dieser Datenschutzerkl\u00e4rung vorgenommen werden k\u00f6nnen, empfehlen wir Ihnen sich die Datenschutzerkl\u00e4rung in regelm\u00e4\u00dfigen Abst\u00e4nden wieder durchzulesen. Definitionen der verwendeten Begriffe (z.B. \u201cpersonenbezogene Daten\u201d oder \u201cVerarbeitung\u201d) finden Sie in Art. 4 DSGVO<\/p><p><strong>Zugriffsdaten<\/strong><\/p><p>Wir verarbeiten Ihre personenbezogenen Daten, die unter folgende Datenkategorien<a href=\"https:\/\/www.schwimmchamps.at\/?page_id=808#_ftn1\" name=\"_ftnref1\"><sup>[1]<\/sup><\/a>\u00a0fallen:<\/p><ul><li>Kontaktdaten (Telefonnummer, Telefaxnummer, E-Mail-Adresse, etc.)<\/li><li>Kundenserviceanfragen<\/li><li>Statistische Erhebungen (Google Analytics)<\/li><\/ul><p>\u00a0<\/p><p><strong>Google Analytics<\/strong><strong>\u00a0<\/strong><\/p><p>Diese Website nutzt aufgrund unserer berechtigten Interessen zur Optimierung und Analyse unseres Online-Angebots im Sinne des Art. 6 Abs. 1 lit. f. DSGVO den Dienst \u201eGoogle Analytics\u201c, welcher von der Google Inc. (1600 Amphitheatre Parkway Mountain View, CA 94043, USA) angeboten wird. Der Dienst (Google Analytics) verwendet \u201eCookies\u201c \u2013 Textdateien, welche auf Ihrem Endger\u00e4t gespeichert werden. Die durch die Cookies gesammelten Informationen werden im Regelfall an einen Google-Server in den USA gesandt und dort gespeichert. Google LLC h\u00e4lt das europ\u00e4ische Datenschutzrecht ein und ist unter dem Privacy-Shield[1]Abkommen zertifiziert: https:\/\/www.privacyshield.gov\/participant?id=a2zt000000001L5AAI&amp;status=Active Auf dieser Website greift die IP-Anonymisierung. Die IP-Adresse der Nutzer wird innerhalb der Mitgliedsstaaten der EU und des Europ\u00e4ischen Wirtschaftsraum und in den anderen Vertragsstaaten des Abkommens gek\u00fcrzt. Nur in Einzelf\u00e4llen wird die IP-Adresse zun\u00e4chst ungek\u00fcrzt in die USA an einen Server von Google \u00fcbertragen und dort gek\u00fcrzt. Durch diese K\u00fcrzung entf\u00e4llt der Personenbezug Ihrer IP-Adresse. Die vom Browser \u00fcbermittelte IP[1]Adresse des Nutzers wird nicht mit anderen von Google gespeicherten Daten kombiniert. Im Rahmen der Vereinbarung zur Auftragsdatenvereinbarung, welche wir als Websitebetreiber mit der Google Inc. geschlossen haben, erstellt diese mithilfe der gesammelten Informationen eine Auswertung der Websitenutzung und der Websiteaktivit\u00e4t und erbringt mit der Internetnutzung verbundene Dienstleistungen. Die von Google in unserem Auftrag erhobenen Daten werden genutzt, um die Nutzung unseres Online-Angebots durch die einzelnen Nutzer auswerten zu k\u00f6nnen, z. B. um Reports \u00fcber die Aktivit\u00e4t auf der Website zu erstellen, um unser Online-Angebot zu verbessern. Sie haben die M\u00f6glichkeit, die Speicherung der Cookies auf Ihrem Ger\u00e4t zu verhindern, indem Sie in Ihrem Browser entsprechende Einstellungen vornehmen. Es ist nicht gew\u00e4hrleistet, dass Sie auf alle Funktionen dieser Website ohne Einschr\u00e4nkungen zugreifen k\u00f6nnen, wenn Ihr Browser keine Cookies zul\u00e4sst. Weiterhin k\u00f6nnen Sie durch ein Browser-Plugin verhindern, dass die durch Cookies gesammelten Informationen (inklusive Ihrer IP-Adresse) an die Google Inc. gesendet und von der Google Inc. genutzt werden. Folgender Link f\u00fchrt Sie zu dem entsprechenden Plugin: https:\/\/tools.google.com\/dlpage\/gaoptout?hl=de<\/p><p>Muster von datenschutz.org Hier finden Sie weitere Informationen zur Datennutzung durch die Google Inc.: \u00b7 https:\/\/policies.google.com\/privacy\/partners?hl=de (Daten, die von Google[1]Partnern erhoben werden) \u00b7 https:\/\/adssettings.google.de\/authenticated (Einstellungen \u00fcber Werbung, die Ihnen angezeigt wird) \u00b7 https:\/\/policies.google.com\/technologies\/ads?hl=de (Verwendung von Cookies in Anzeigen)<\/p><p><strong>Verwendungszweck<\/strong><\/p><p>Sie haben uns Daten \u00fcber sich freiwillig zur Verf\u00fcgung gestellt und wir verarbeiten diese Daten auf Grundlage Ihrer Einwilligung zu folgenden Zwecken:<\/p><ul><li>Kontaktaufnahme<\/li><li>Zur \u00dcbermittlung von Informationen<\/li><li>Statistische Auswertungen<\/li><\/ul><p>Sie k\u00f6nnen diese Einwilligung jederzeit widerrufen. Ein Widerruf hat zur Folge, dass wir Ihre Daten ab diesem Zeitpunkt zu oben genannten Zwecken nicht mehr verarbeiten. F\u00fcr einen Widerruf wenden Sie sich bitte an: elinborgkj@gmail.com<b><\/b><\/p><p>Die von Ihnen bereit gestellten Daten sind weiters zur Beantwortung Ihres Anliegen erforderlich. Ohne diese Daten k\u00f6nnen wir den Vertrag mit Ihnen nicht abschlie\u00dfen.<\/p><p><strong>Umgang mit Kontaktdaten<\/strong><\/p><p><strong>\u00a0<\/strong>Nehmen Sie mit uns als Websitebetreiber durch die angebotenen Kontaktm\u00f6glichkeiten Verbindung auf, werden Ihre Angaben gespeichert, damit auf diese zur Bearbeitung und Beantwortung Ihrer Anfrage zur\u00fcckgegriffen werden kann. Ohne Ihre Einwilligung werden diese Daten nicht an Dritte weitergegeben.<\/p><p><strong>Rechtsbehelfsbelehrung<\/strong><\/p><p><strong>\u00a0<\/strong>Ihnen stehen grunds\u00e4tzlich die Rechte auf Auskunft, Berichtigung, L\u00f6schung, Einschr\u00e4nkung, Daten\u00fcbertragbarkeit und Widerspruch zu. Daf\u00fcr wenden Sie sich an uns unter elinborgkj@gmail.com<b><\/b> Wenn Sie glauben, dass die Verarbeitung Ihrer Daten gegen das Datenschutzrecht verst\u00f6\u00dft oder Ihre datenschutzrechtlichen Anspr\u00fcche sonst in einer Weise verletzt worden sind, k\u00f6nnen Sie sich bei der Aufsichtsbeh\u00f6rde beschweren. In \u00d6sterreich ist die <a href=\"http:\/\/dsb.gv.at\/\">Datenschutzbeh\u00f6rde<\/a>\u00a0zust\u00e4ndig.<\/p><p><strong>Widerspruchsrecht<\/strong><\/p><p><strong>\u00a0<\/strong>Nutzer dieser Webseite k\u00f6nnen von ihrem Widerspruchsrecht Gebrauch machen und der Verarbeitung ihrer personenbezogenen Daten zu jeder Zeit widersprechen. Muster von datenschutz.org Wenn Sie eine Berichtigung, Sperrung, L\u00f6schung oder Auskunft \u00fcber die zu Ihrer Person gespeicherten personenbezogenen Daten w\u00fcnschen oder Fragen bzgl. der Erhebung, Verarbeitung oder Verwendung Ihrer personenbezogenen Daten haben oder erteilte Einwilligungen widerrufen m\u00f6chten, wenden Sie sich bitte an folgende E-Mail-Adresse: elinborgkj@gmail.com<b><\/b><\/p>\t\t\t\t\t\t\t\t<\/div>\n\t\t\t\t<\/div>\n\t\t\t\t<\/div>\n\t\t<div class=\"elementor-element elementor-element-6b975fe e-con-full e-flex e-con e-child\" data-id=\"6b975fe\" data-element_type=\"container\">\n\t\t\t\t<\/div>\n\t\t\t\t\t<\/div>\n\t\t\t\t<\/div>\n\t\t\t\t<\/div>\n\t\t","protected":false},"excerpt":{"rendered":"<p>Grundlegendes Diese Datenschutzerkl\u00e4rung soll die Nutzer dieser Website \u00fcber die Art, den Umfang und den Zweck der Erhebung und Verwendung personenbezogener Daten durch den Websitebetreiber informieren. Der Websitebetreiber nimmt Ihren Datenschutz sehr ernst und behandelt Ihre personenbezogenen Daten vertraulich und entsprechend der gesetzlichen Vorschriften. Da durch neue Technologien und die st\u00e4ndige Weiterentwicklung dieser Webseite \u00c4nderungen [&hellip;]<\/p>\n","protected":false},"author":3,"featured_media":0,"parent":0,"menu_order":0,"comment_status":"closed","ping_status":"closed","template":"","meta":{"footnotes":""},"class_list":["post-859","page","type-page","status-publish","hentry"],"_links":{"self":[{"href":"https:\/\/www.elinborg.com\/WP\/wp-json\/wp\/v2\/pages\/859","targetHints":{"allow":["GET"]}}],"collection":[{"href":"https:\/\/www.elinborg.com\/WP\/wp-json\/wp\/v2\/pages"}],"about":[{"href":"https:\/\/www.elinborg.com\/WP\/wp-json\/wp\/v2\/types\/page"}],"author":[{"embeddable":true,"href":"https:\/\/www.elinborg.com\/WP\/wp-json\/wp\/v2\/users\/3"}],"replies":[{"embeddable":true,"href":"https:\/\/www.elinborg.com\/WP\/wp-json\/wp\/v2\/comments?post=859"}],"version-history":[{"count":7,"href":"https:\/\/www.elinborg.com\/WP\/wp-json\/wp\/v2\/pages\/859\/revisions"}],"predecessor-version":[{"id":870,"href":"https:\/\/www.elinborg.com\/WP\/wp-json\/wp\/v2\/pages\/859\/revisions\/870"}],"wp:attachment":[{"href":"https:\/\/www.elinborg.com\/WP\/wp-json\/wp\/v2\/media?parent=859"}],"curies":[{"name":"wp","href":"https:\/\/api.w.org\/{rel}","templated":true}]}}